{"id":35685,"date":"2019-09-01T00:00:01","date_gmt":"2019-09-01T00:00:01","guid":{"rendered":"https:\/\/titanofdouro.com\/en\/?page_id=35685"},"modified":"2019-10-08T10:11:17","modified_gmt":"2019-10-08T10:11:17","slug":"protecao-de-dados","status":"publish","type":"page","link":"https:\/\/titanofdouro.com\/en\/protecao-de-dados\/","title":{"rendered":"Prote\u00e7\u00e3o de Dados"},"content":{"rendered":"<p>[et_pb_section fb_built=&#8221;1&#8243; module_id=&#8221;PP&#8221; _builder_version=&#8221;3.22&#8243; custom_margin=&#8221;0px||0px|&#8221; custom_padding=&#8221;0px|0px|0px|0px&#8221; fb_built=&#8221;1&#8243; _i=&#8221;0&#8243; _address=&#8221;0&#8243;][et_pb_row custom_padding_last_edited=&#8221;on|desktop&#8221; _builder_version=&#8221;3.25&#8243; background_size=&#8221;initial&#8221; background_position=&#8221;top_left&#8221; background_repeat=&#8221;repeat&#8221; custom_margin=&#8221;0px||0px||true&#8221; custom_padding=&#8221;100px||100px||true&#8221; custom_padding_tablet=&#8221;80px||80px|&#8221; custom_padding_phone=&#8221;60px||60px|&#8221; _i=&#8221;0&#8243; _address=&#8221;0.0&#8243;][et_pb_column type=&#8221;4_4&#8243; _builder_version=&#8221;3.25&#8243; custom_padding=&#8221;|||&#8221; _i=&#8221;0&#8243; _address=&#8221;0.0.0&#8243; custom_padding__hover=&#8221;|||&#8221;][et_pb_text _builder_version=&#8221;3.27.4&#8243; text_font=&#8221;||||||||&#8221; text_font_size=&#8221;15px&#8221; text_line_height=&#8221;1.3em&#8221; header_font=&#8221;||||||||&#8221; text_orientation=&#8221;justified&#8221; custom_margin=&#8221;0px||0px|&#8221; custom_padding=&#8221;0px||0px|&#8221; hover_enabled=&#8221;0&#8243; _i=&#8221;0&#8243; _address=&#8221;0.0.0.0&#8243;]<\/p>\n<h1>Privacy Policy<\/h1>\n<p><\/p>\n<p><strong>GDPR &#8211; PRIVACY POLICY<\/strong><\/p>\n<p>Your privacy is important to us. We respect it and are committed to protecting it.<\/p>\n<p>We are aware of the concerns you may have about the confidentiality of the information and personal data you share with us; therefore, this document has everything you need to know about the privacy policy of our website. This policy allows you to obtain additional information about the use we make of the personal data you provide us and your rights.<\/p>\n<p>By submitting your data, you are accepting our policy privacy. In accordance with Law no. 67\/98, from October 26th, about the Protection of Personal Data, we inform that the management of the personal data collected on our website is our responsibility.<\/p>\n<p><strong>1. Identity and contacts of the entity who will manage your data:<\/strong><br \/>The data collected on this site are processed by the company \/ person Luis Leocadio Vinhos Unip lda with VAT: 514657278.<br \/>All the information collected on this site is managed and controlled exclusively by us. We provide enough warranties regarding the protection of your personal information, guaranteeing that this will be administered in accordance with the current legislation regarding the protection of personal information, as well as this privacy policy.<\/p>\n<p><strong>2. Legal basis of legitimacy of data processing:<\/strong><br \/>Through this website we may collect personal data, shared via the contact form, with your consent.<\/p>\n<p><strong>3. Purposes:<\/strong><br \/>Your personal data is collected to:<br \/>\u2013 Answer our questions on the contact form;<br \/>\u2013 Send you information about our products and services, news and events \u2013 Newsletters.<\/p>\n<p><strong>4. Period of retention of your data:<\/strong><br \/>The data collected and processed through the contact form will be kept only during the processing of your request and after this phase it will be destroyed.<\/p>\n<p><strong>5. Data recipients:<\/strong><br \/>The personal information provided will be used in order to be able to contact you and provide all the information requested through our contact form.<\/p>\n<p>Your personal data will never be disclosed to third parties, except in special cases, such as:<br \/>Meet the requirements imposed by law or competent governmental or judicial authorities.<\/p>\n<p><strong>6. Data security and confidentiality:<\/strong><br \/>We commit ourselves to implement all the necessary precautions to preserve the confidentiality and safety of your personal data.<\/p>\n<p><strong>7. Your rights and how you can access, rectify or oppose to the processing of your personal data:<\/strong><br \/>According to the personal data protection law, the data subjects is guaranteed the right to access, update, rectify or delete their personal data, which may take place through the various contacts available.<\/p>\n<p>For any questions regarding the collection and processing of your personal data, you can contact us by email or by telephone.<\/p>\n<p><strong>8. Data usage:<\/strong><br \/>The personal information provided will be in order to be able to contact you and provide all the information requested through our contact form.<br \/>We will not provide or sell your personal data to any third parties, unless if we are obliged by law or by court decision.<\/p>\n<p><strong>9. How we use \u201cCookies\u201d:<\/strong><br \/>\u201cCookies\u201d are stored in your computer through your browser, retaining information only related to your preferences, not including, therefore, your personal data.<br \/>On the text below you can find more information about the various \u201ccookies\u201d we use and the purpose of each of these:<br \/>\u2013 Strictly needed \u201ccookies\u201d: These allow you to browse the website and use its apps. Without these \u201ccookies\u201d, the services you may have requested cannot be provided accordingly;<br \/>\u2013 Analytical \u201ccookies\u201d: These are used anonymously to create statistics to be analyzed afterwards, in order to improve the functioning of the website;<br \/>\u2013 Feature \u201ccookies\u201d: These retain the user\u2019s preferences related to the website usage, so you do not need to configurate the website each time you visit it.<\/p>\n<p><strong>10. Contacts<\/strong><br \/>If you need more information, please feel free to contact us by email <a href=\"mailto:info@titanofdouro.com\">info@titanofdouro.com<\/a>.<\/p>\n<p>[\/et_pb_text][\/et_pb_column][\/et_pb_row][\/et_pb_section][et_pb_section fb_built=&#8221;1&#8243; module_id=&#8221;RLO&#8221; _builder_version=&#8221;3.22&#8243; background_color=&#8221;#eeeeee&#8221; custom_margin=&#8221;0px||0px|&#8221; custom_padding=&#8221;0px|0px|0px|0px&#8221; fb_built=&#8221;1&#8243; _i=&#8221;1&#8243; _address=&#8221;1&#8243;][et_pb_row custom_padding_last_edited=&#8221;on|desktop&#8221; _builder_version=&#8221;3.25&#8243; background_size=&#8221;initial&#8221; background_position=&#8221;top_left&#8221; background_repeat=&#8221;repeat&#8221; custom_margin=&#8221;0px||0px||true&#8221; custom_padding=&#8221;100px||100px||true&#8221; custom_padding_tablet=&#8221;80px||80px|&#8221; custom_padding_phone=&#8221;60px||60px|&#8221; _i=&#8221;0&#8243; _address=&#8221;1.0&#8243;][et_pb_column type=&#8221;4_4&#8243; _builder_version=&#8221;3.25&#8243; custom_padding=&#8221;|||&#8221; _i=&#8221;0&#8243; _address=&#8221;1.0.0&#8243; custom_padding__hover=&#8221;|||&#8221;][et_pb_text _builder_version=&#8221;3.27.4&#8243; text_font=&#8221;||||||||&#8221; text_font_size=&#8221;15px&#8221; text_line_height=&#8221;1.3em&#8221; header_font=&#8221;||||||||&#8221; text_orientation=&#8221;justified&#8221; custom_margin=&#8221;0px||0px|&#8221; custom_padding=&#8221;0px||0px|&#8221; hover_enabled=&#8221;0&#8243; _i=&#8221;0&#8243; _address=&#8221;1.0.0.0&#8243;]<\/p>\n<h1>Online Dispute Resolution<\/h1>\n<p><\/p>\n<p>In the event of a legal dispute, the consumer may use an Alternative Dispute Resolution Entity.<\/p>\n<p>Alternative Dispute Resolution Entities, in accordance with law no. 144\/2015, from September 8th:<\/p>\n<p><b>ARBITRATION CENTERS OF GENERIC COMPETENCE<\/b><\/p>\n<p><b>Centro Nacional de Informa\u00e7\u00e3o e Arbitragem de Conflitos de Consumo<\/b><br \/>Atua\u00e7\u00e3o em todo o territ\u00f3rio nacional, nas zonas n\u00e3o abrangidas por outro centro de arbitragem de compet\u00eancia regional<br \/>Contactos CNIACC \u2013 Centro Nacional de Informa\u00e7\u00e3o e Arbitragem de Conflitos de Consumo<br \/>Faculdade de Direito da Universidade Nova de Lisboa<br \/>Campus de Campolide<br \/>1099-032 Lisboa<br \/>Tel.: 213 847 484<br \/>E-mail: cniacc@fd.unl.pt<br \/>Web: www.arbitragemdeconsumo.org<\/p>\n<p><b>Centro de Informa\u00e7\u00e3o, Medi\u00e7\u00e3o e arbitragem de Conflitos de Consumo do Algarve<\/b><br \/>\u00c1rea geogr\u00e1fica abrangida: Contratos celebrados no Distrito de Faro.<br \/>Contactos CIMAAL \u2013 Centro de Informa\u00e7\u00e3o, Media\u00e7\u00e3o e Arbitragem de Conflitos de Consumo do Algarve<br \/>Edif\u00edcio Ninho de Empresas, Estrada da Penha, 8005-131 Faro<br \/>Tel.: 289 823 135<br \/>E-mail: apoio@consumidoronline.pt; cimaal@mail.telepac.pt<br \/>Web: www.consumidoronline.pt<\/p>\n<p><b>Centro de Arbitragem de Conflitos de Consumo do Distrito de Coimbra<\/b><br \/>\u00c1rea geogr\u00e1fica abrangida: Contratos celebrados nos munic\u00edpios de Arganil, Cantanhede, Coimbra, Condeixa-a-Nova, Figueira da Foz, G\u00f3is, Lous\u00e3, Mira, Miranda do Corvo, Montemor-o-Velho, Oliveira do Hospital, Penacova, Penela, Soure, T\u00e1bua, Vila Nova de Poiares.<br \/>Contactos Endere\u00e7o postal:<br \/>Av. Fern\u00e3o Magalh\u00e3es, n.\u00ba 240, 1\u00ba \u2013 3000-172 COIMBRA<br \/>Tel.: 239 821 690<br \/>E-mail: geral@centrodearbitragemdecoimbra.com<br \/>Web: www.centrodearbitragemdecoimbra.com<\/p>\n<p><b>Centro de Arbitragem de Conflitos de Consumo de Lisboa<\/b><br \/>\u00c1rea geogr\u00e1fica de abrang\u00eancia: Contratos celebrados na \u00c1rea Metropolitana de Lisboa, Alcochete, Almada, Amadora, Azambuja, Barreiro, Cascais, Lisboa, Loures, Mafra, Moita, Montijo, Odivelas, Oeiras, Palmela, Seixal, Sesimbra, Set\u00fabal, Sintra e Vila Franca de Xira.<br \/>Contactos Endere\u00e7o postal: Rua dos Douradores, 116, 2\u00ba \u2013 1100-207 LISBOA<br \/>Tel: 218 807 030<br \/>E-mail: juridico@centroarbitragemlisboa.pt \/ director@centroarbitragemlisboa.pt<br \/>Web: www.centroarbitragemlisboa.pt<\/p>\n<p><b>Centro de Informa\u00e7\u00e3o de Consumo e Arbitragem do Porto<\/b><br \/>\u00c1rea geogr\u00e1fica de abrang\u00eancia: Contratos celebrados na \u00c1rea Metropolitana do Porto, Arouca, Espinho, Gondomar, Maia, Matosinhos, Oliveira de Azem\u00e9is, Porto, P\u00f3voa de Varzim, Santa Maria da Feira, Santo Tirso, S\u00e3o Jo\u00e3o da Madeira, Trofa, Vale de Cambra, Valongo, Vila do Conde e Vila Nova de Gaia.<br \/>Contactos Endere\u00e7o postal: Rua Dami\u00e3o de G\u00f3is, 31 \u2013 Loja 6 \u2013 4050-225 Porto<br \/>Tel.: 225 508 349<br \/>E-mail: cicap@mail.telepac.pt<br \/>web: www.cicap.pt<\/p>\n<p><b>Centro de Informa\u00e7\u00e3o, Media\u00e7\u00e3o e Arbitragem de Consumo (Tribunal Arbitral de consumo)<\/b><br \/>\u00c1rea geogr\u00e1fica de abrang\u00eancia: Contratos celebrados nos munic\u00edpios de Amares, Arcos de Valdevez, Barcelos, Braga, Caminha, Esposende, Melga\u00e7o, Mon\u00e7\u00e3o, Montalegre, Paredes de Coura, Ponte da Barca, P\u00f3voa do Lanhoso, Terras do Bouro, Valen\u00e7a, Viana do Castelo, Vila Nova de Cerveira, Vieira do Minho, Vila Verde.<br \/>Contactos BRAGA:<br \/>Rua D Afonso Henriques, n\u00ba 1 (Ed Junta de Freguesia da S\u00e9) 4700 \u2013 030 BRAGA<br \/>Tel: 253 617 604<br \/>E-mail: geral@ciab.pt<br \/>VIANA DO CASTELO<br \/>Av Rocha Paris, n\u00ba 103 (Edif\u00edcio Vila Rosa) 4900 \u2013 394 VIANA DO CASTELO<br \/>Tel: 258 809 335<br \/>E-mail: ciab.viana@cm-viana-castelo.pt<br \/>Web: www.ciab.pt<\/p>\n<p><b>Centro de Arbitragem de Conflitos de Consumo da Madeira<\/b><br \/>\u00c1rea geogr\u00e1fica de abrang\u00eancia Contratos celebrados na Regi\u00e3o Aut\u00f3noma da Madeira.<br \/>Contactos Endere\u00e7o postal: Rua Direita n\u00ba. 27 \u2013 1\u00ba andar \u2013 9050-405 Funchal<br \/>Tel.: 291 215 070<br \/>E-mail: centroarbitragem.srias@madeira.gov.pt<br \/>Web: www.srrh.gov-madeira.pt\/In%C3%ADcio\/tabid\/292\/Default.aspx<\/p>\n<p><b>Centro de Arbitragem de Conflitos de Consumo do Vale do Ave \/ Tribunal Arbitral<\/b><br \/>\u00c1rea geogr\u00e1fica de abrang\u00eancia: Contratos celebrados nos munic\u00edpios de Cabeceiras de Basto, Fafe, Felgueiras, Guimar\u00e3es, P\u00f3voa de Lanhoso, P\u00f3voa de Varzim, Santo Tirso, Trofa, Vila do Conde, Vila Nova de Famalic\u00e3o, Vizela e Vieira do Minho.<br \/>Contactos Endere\u00e7o postal: Rua Capit\u00e3o Alfredo Guimar\u00e3es, n.\u00ba 1, 4800-019, Guimar\u00e3es<br \/>Tel.: 253 422 410<br \/>E-mail: triave@gmail.com<br \/>Web: www.triave.pt<\/p>\n<p>More information on Consumer Portal <a target=\"_blank\" href=\"http:\/\/www.consumidor.gov.pt\/\" rel=\"noopener noreferrer\">www.consumidor.pt<\/a><\/p>\n<p>[\/et_pb_text][\/et_pb_column][\/et_pb_row][\/et_pb_section][et_pb_section fb_built=&#8221;1&#8243; module_id=&#8221;PC&#8221; _builder_version=&#8221;3.22&#8243; border_width_bottom=&#8221;1px&#8221; border_color_bottom=&#8221;rgba(0,0,0,0.2)&#8221; custom_margin=&#8221;0px||0px|&#8221; custom_padding=&#8221;0px|0px|0px|0px&#8221; fb_built=&#8221;1&#8243; _i=&#8221;2&#8243; _address=&#8221;2&#8243;][et_pb_row custom_padding_last_edited=&#8221;on|desktop&#8221; _builder_version=&#8221;3.25&#8243; background_size=&#8221;initial&#8221; background_position=&#8221;top_left&#8221; background_repeat=&#8221;repeat&#8221; custom_margin=&#8221;0px||0px|&#8221; custom_padding=&#8221;100px||100px|&#8221; custom_padding_tablet=&#8221;80px||80px|&#8221; custom_padding_phone=&#8221;60px||60px|&#8221; _i=&#8221;0&#8243; _address=&#8221;2.0&#8243;][et_pb_column type=&#8221;4_4&#8243; _builder_version=&#8221;3.25&#8243; custom_padding=&#8221;|||&#8221; _i=&#8221;0&#8243; _address=&#8221;2.0.0&#8243; custom_padding__hover=&#8221;|||&#8221;][et_pb_text _builder_version=&#8221;3.27.4&#8243; text_font=&#8221;||||||||&#8221; text_font_size=&#8221;15px&#8221; text_line_height=&#8221;1.3em&#8221; header_font=&#8221;||||||||&#8221; text_orientation=&#8221;justified&#8221; custom_margin=&#8221;0px||0px|&#8221; custom_padding=&#8221;0px||0px|&#8221; hover_enabled=&#8221;0&#8243; _i=&#8221;0&#8243; _address=&#8221;2.0.0.0&#8243;]<\/p>\n<h1>Cookies Policy<\/h1>\n<p><\/p>\n<p><strong>USE OF COOKIES<\/strong><br \/>This website uses cookies to allow you to have the best user experience.<br \/>If you continue to browse, you are giving your consent to the acceptance of such cookies as well as our Cookies\u2019 Policy.<\/p>\n<p><strong>WHAT ARE COOKIES?<\/strong><br \/>Cookies are small text files written to your device when you access websites.<br \/>These allow the storage of a set of user-related information, some of which is used to recognize the user in future visits to our website, and others are used to guarantee that all features work properly, improving the user\u2019s experience and performance on the website.<br \/>The type of information that can be analyzed using cookies is as follows: user name, email address and password, the internet protocol address (IP) that is used to connect to the internet, the type and version of browser, the operating system and platform used for the connection, the web addresses (URLs) from which or through which you have accessed and left our services online, and the date and time of such activity, amongst others.<br \/>Website cookies may be disabled or managed at any time. To find out how to do this go to the \u201cHelp\u201d area of your Browser.<br \/>Warning: It\u2019s important to note that some areas of the website may not work properly after cookies are disabled.<\/p>\n<p><strong>PURPOSE OF THE COOKIES?<\/strong><br \/>The use of cookies optimizes the user\u2019s browsing experience, allowing the stored data to improve their experience on the website, also increasing the response efficiency of the web address.<br \/>Therefore, they allow to eliminate some repetitive actions on the website, as well as assist in the presentation of information, to meet your needs and expectations.<\/p>\n<p><strong>TYPES OF COOKIES USED<\/strong><br \/>Cookies are segmented according to their purpose and expiration date.<br \/>\u201cStrictly needed Cookies\u201d are key elements of access to certain areas of the website, such as access to secure areas of the website through login and password. By disabling cookies, the same services may not be used accordingly.<br \/>\u201cFeature Cookies\u201d memorize the browsing preferences of the user.<br \/>\u201cAnalytical Cookies\u201d allow the memorization of how a website is navigated, to present products or services that meet the user\u2019s needs and expectations, through the monitoring of the website. Examples of these are the ones that keep the most visited pages, the time in each page, the products or services searched, etc. These cookies store statistical information.<\/p>\n<p><strong>CONSENT THE USE OF COOKIES<\/strong><br \/>The users accessing our website give their consent to the use of cookies through an OK button on the banner that appears when visiting our website for the first time.<\/p>\n<p>[\/et_pb_text][et_pb_button button_url=&#8221;https:\/\/titanofdouro.com\/en\/&#8221; button_text=&#8221;Homepage&#8221; _builder_version=&#8221;3.19.12&#8243; custom_margin=&#8221;30px||0px||false&#8221; _i=&#8221;1&#8243; _address=&#8221;2.0.0.1&#8243;][\/et_pb_button][\/et_pb_column][\/et_pb_row][\/et_pb_section][et_pb_section fb_built=&#8221;1&#8243; disabled_on=&#8221;off|off|off&#8221; _builder_version=&#8221;3.27.3&#8243; background_color=&#8221;#ffffff&#8221; custom_margin=&#8221;0px|0px|0px|0px|true|true&#8221; custom_padding=&#8221;0px|0px|0px|0px|true|true&#8221; custom_padding_tablet=&#8221;0px||0px|&#8221; global_module=&#8221;41197&#8243; saved_tabs=&#8221;all&#8221; fb_built=&#8221;1&#8243; _i=&#8221;0&#8243; _address=&#8221;3&#8243;][et_pb_row column_structure=&#8221;3_5,2_5&#8243; column_padding_mobile=&#8221;on&#8221; custom_padding_last_edited=&#8221;on|desktop&#8221; module_class=&#8221; et_pb_row_fullwidth&#8221; _builder_version=&#8221;3.27.3&#8243; background_size=&#8221;initial&#8221; background_position=&#8221;top_left&#8221; background_repeat=&#8221;repeat&#8221; width=&#8221;95%&#8221; max_width=&#8221;95%&#8221; module_alignment=&#8221;center&#8221; custom_margin=&#8221;0px|0px|0px|0px|true|true&#8221; custom_padding=&#8221;40px|0px|40px|0px|true|true&#8221; custom_padding_tablet=&#8221;|25px||25px|true|true&#8221; custom_padding_phone=&#8221;||||true|true&#8221; make_fullwidth=&#8221;on&#8221; _i=&#8221;0&#8243; _address=&#8221;3.0&#8243;][et_pb_column type=&#8221;3_5&#8243; _builder_version=&#8221;3.25&#8243; custom_padding=&#8221;|||&#8221; custom_padding__hover=&#8221;|||&#8221; _i=&#8221;0&#8243; _address=&#8221;3.0.0&#8243;][et_pb_text admin_label=&#8221;Rodape nome do site&#8221; module_class=&#8221;LinkFooterBranco&#8221; _builder_version=&#8221;3.27.4&#8243; text_font=&#8221;||||||||&#8221; text_font_size=&#8221;12px&#8221; text_line_height=&#8221;1.4em&#8221; background_size=&#8221;initial&#8221; background_position=&#8221;top_left&#8221; background_repeat=&#8221;repeat&#8221; custom_margin=&#8221;0px||0px||true&#8221; custom_padding=&#8221;0px||0px||true&#8221; text_text_align=&#8221;left&#8221; text_text_align_tablet=&#8221;center&#8221; text_text_align_last_edited=&#8221;on|desktop&#8221; _i=&#8221;0&#8243; _address=&#8221;3.0.0.0&#8243;]<\/p>\n<p style=\"padding-bottom: 8px; font-size: 14px;\">\u00a9 Titan of Douro<\/p>\n<p style=\"padding-bottom: 2px;\"><a target=\"_blank\" href=\"https:\/\/www.livroreclamacoes.pt\/inicio\" rel=\"noopener noreferrer\">Complaints Book<\/a> \u00a0\u00a0 <a href=\"https:\/\/titanofdouro.com\/en\/protecao-de-dados\/#RLO\">Online dispute resolution <\/a> \u00a0\u00a0 <a href=\"https:\/\/titanofdouro.com\/en\/protecao-de-dados\/#PP\"> Privacy<\/a> \u00a0\u00a0 <a href=\"https:\/\/titanofdouro.com\/en\/protecao-de-dados\/#PC\">Cookies<\/a><\/p>\n<p style=\"padding-bottom: 0px;\">webdesign by: <a href=\"https:\/\/criativo.net\/\" target=\"_blank\" rel=\"noopener noreferrer\">criativo.net<\/a><\/p>\n<p>[\/et_pb_text][\/et_pb_column][et_pb_column type=&#8221;2_5&#8243; _builder_version=&#8221;3.25&#8243; custom_padding=&#8221;|||&#8221; custom_padding__hover=&#8221;|||&#8221; _i=&#8221;1&#8243; _address=&#8221;3.0.1&#8243;][et_pb_social_media_follow use_icon_font_size=&#8221;on&#8221; icon_font_size=&#8221;15px&#8221; _builder_version=&#8221;3.27.4&#8243; border_radii=&#8221;on|50px|50px|50px|50px&#8221; text_orientation=&#8221;right&#8221; custom_margin=&#8221;0px||0px||true|false&#8221; custom_padding=&#8221;0px||0px||true|false&#8221; text_orientation_tablet=&#8221;center&#8221; text_orientation_last_edited=&#8221;on|desktop&#8221; _i=&#8221;0&#8243; _address=&#8221;3.0.1.0&#8243;][et_pb_social_media_follow_network social_network=&#8221;facebook&#8221; url=&#8221;https:\/\/www.facebook.com\/titanofdouro&#8221; _builder_version=&#8221;3.27.4&#8243; background_color=&#8221;#3b5998&#8243; custom_margin=&#8221;0px|0px|0px|0px|true|true&#8221; custom_padding=&#8221;0px|0px|0px|0px|true|true&#8221; hover_enabled=&#8221;0&#8243; follow_button=&#8221;off&#8221; url_new_window=&#8221;on&#8221; _i=&#8221;0&#8243; _address=&#8221;3.0.1.0.0&#8243;]facebook[\/et_pb_social_media_follow_network][et_pb_social_media_follow_network social_network=&#8221;instagram&#8221; url=&#8221;https:\/\/www.instagram.com\/titan_of_douro\/&#8221; _builder_version=&#8221;3.27.4&#8243; background_color=&#8221;#ea2c59&#8243; custom_margin=&#8221;0px|0px|0px|0px|true|true&#8221; custom_padding=&#8221;0px|0px|0px|0px|true|true&#8221; hover_enabled=&#8221;0&#8243; follow_button=&#8221;off&#8221; url_new_window=&#8221;on&#8221; _i=&#8221;1&#8243; _address=&#8221;3.0.1.0.1&#8243;]instagram[\/et_pb_social_media_follow_network][\/et_pb_social_media_follow][et_pb_image src=&#8221;https:\/\/titanofdouro.com\/en\/wp-content\/uploads\/2019\/01\/certificado-ssl-en.png&#8221; align=&#8221;right&#8221; align_tablet=&#8221;center&#8221; align_last_edited=&#8221;on|desktop&#8221; disabled_on=&#8221;on|on|off&#8221; _builder_version=&#8221;3.27.4&#8243; custom_margin=&#8221;-33px|90px|0px|0px|false|false&#8221; custom_margin_tablet=&#8221;20px|0px||0px|false|true&#8221; custom_margin_last_edited=&#8221;on|tablet&#8221; custom_padding=&#8221;0px|0px|0px|0px|true|true&#8221; _i=&#8221;1&#8243; _address=&#8221;3.0.1.1&#8243;][\/et_pb_image][\/et_pb_column][\/et_pb_row][\/et_pb_section]<\/p>\n","protected":false},"excerpt":{"rendered":"<p>[et_pb_section fb_built=&#8221;1&#8243; module_id=&#8221;PP&#8221; _builder_version=&#8221;3.22&#8243; custom_margin=&#8221;0px||0px|&#8221; custom_padding=&#8221;0px|0px|0px|0px&#8221; fb_built=&#8221;1&#8243; _i=&#8221;0&#8243; _address=&#8221;0&#8243;][et_pb_row custom_padding_last_edited=&#8221;on|desktop&#8221; _builder_version=&#8221;3.25&#8243; background_size=&#8221;initial&#8221; background_position=&#8221;top_left&#8221; background_repeat=&#8221;repeat&#8221; custom_margin=&#8221;0px||0px||true&#8221; custom_padding=&#8221;100px||100px||true&#8221; custom_padding_tablet=&#8221;80px||80px|&#8221; custom_padding_phone=&#8221;60px||60px|&#8221; _i=&#8221;0&#8243; _address=&#8221;0.0&#8243;][et_pb_column type=&#8221;4_4&#8243; _builder_version=&#8221;3.25&#8243; custom_padding=&#8221;|||&#8221; _i=&#8221;0&#8243; _address=&#8221;0.0.0&#8243; custom_padding__hover=&#8221;|||&#8221;][et_pb_text _builder_version=&#8221;3.27.4&#8243; text_font=&#8221;||||||||&#8221; text_font_size=&#8221;15px&#8221; text_line_height=&#8221;1.3em&#8221; header_font=&#8221;||||||||&#8221; text_orientation=&#8221;justified&#8221; custom_margin=&#8221;0px||0px|&#8221; custom_padding=&#8221;0px||0px|&#8221; hover_enabled=&#8221;0&#8243; _i=&#8221;0&#8243; _address=&#8221;0.0.0.0&#8243;] Privacy Policy GDPR &#8211; PRIVACY POLICY Your privacy is important to us. We respect it and are committed [&hellip;]<\/p>\n","protected":false},"author":3,"featured_media":0,"parent":0,"menu_order":0,"comment_status":"closed","ping_status":"closed","template":"","meta":{"_et_pb_use_builder":"on","_et_pb_old_content":"","_et_gb_content_width":""},"_links":{"self":[{"href":"https:\/\/titanofdouro.com\/en\/wp-json\/wp\/v2\/pages\/35685"}],"collection":[{"href":"https:\/\/titanofdouro.com\/en\/wp-json\/wp\/v2\/pages"}],"about":[{"href":"https:\/\/titanofdouro.com\/en\/wp-json\/wp\/v2\/types\/page"}],"author":[{"embeddable":true,"href":"https:\/\/titanofdouro.com\/en\/wp-json\/wp\/v2\/users\/3"}],"replies":[{"embeddable":true,"href":"https:\/\/titanofdouro.com\/en\/wp-json\/wp\/v2\/comments?post=35685"}],"version-history":[{"count":29,"href":"https:\/\/titanofdouro.com\/en\/wp-json\/wp\/v2\/pages\/35685\/revisions"}],"predecessor-version":[{"id":41749,"href":"https:\/\/titanofdouro.com\/en\/wp-json\/wp\/v2\/pages\/35685\/revisions\/41749"}],"wp:attachment":[{"href":"https:\/\/titanofdouro.com\/en\/wp-json\/wp\/v2\/media?parent=35685"}],"curies":[{"name":"wp","href":"https:\/\/api.w.org\/{rel}","templated":true}]}}